{"id":513,"date":"2022-06-15T13:07:39","date_gmt":"2022-06-15T11:07:39","guid":{"rendered":"https:\/\/freundeskreis-bruchsal-menehould.eu\/datenschutzerklaerung\/"},"modified":"2023-11-01T17:32:07","modified_gmt":"2023-11-01T16:32:07","slug":"protection-des-donnees","status":"publish","type":"page","link":"https:\/\/freundeskreis-bruchsal-menehould.eu\/fr\/protection-des-donnees\/","title":{"rendered":"Protection des donn\u00e9es"},"content":{"rendered":"\n<p>Wir, die&nbsp;Gemeinschaft der Freunde Ste. M\u00e9nehoulds in Bruchsal, Kaiserstra\u00dfe 66, 76646 Bruchsal (im Folgenden \u201c<strong>wir\/unser(e)<\/strong>\u00ab\u00a0), nehmen den Schutz Ihrer pers\u00f6nlichen Daten sehr ernst und halten uns streng an alle geltenden Gesetze und Vorschriften zum Datenschutz, insbesondere an die Datenschutzgrundverordnung, (DSGVO), das Bundesdatenschutzgesetz (BDSG) und das Telemediengesetz (TMG). Die folgenden Erl\u00e4uterungen geben Ihnen einen \u00dcberblick dar\u00fcber, wie wir diesen Schutz sicherstellen und welche Daten wir zu welchem Zweck verarbeiten.<\/p>\n\n\n\n<p><strong>1. Verantwortlicher i.S.d. Art. 4 Nr. 7 DSGVO<\/strong><\/p>\n\n\n\n<p><br>Gemeinschaft der Freunde Ste. M\u00e9nehoulds in Bruchsal<br>Partnerschaftsbeauftragte Annette Mandel<\/p>\n\n\n\n<p>Kaiserstra\u00dfe 66<br>76646 Bruchsal<br>Tel. +49-7251 79-456<br>Fax +49-7251 79-455<br>E-Mail: <a href=\"mailto:partnerstaedte@bruchsal.de\">partnerstaedte@bruchsal.de<\/a><\/p>\n\n\n\n<p><strong>2. Nutzungsdaten<\/strong><\/p>\n\n\n\n<p>Bei jedem Zugriff auf unsere Webseite und bei jedem Abruf einer Datei, werden automatisch \u00fcber diesen Vorgang allgemeine Daten in einer Protokolldatei gespeichert. Die Speicherung dient ausschlie\u00dflich systembezogenen und statistischen Zwecken (auf Grundlage von Art. 6 Abs. 1 Buchst. b) DSGVO), sowie in Ausnahmef\u00e4llen zur Anzeige von Straftaten (auf Grundlage von Art. 6 Abs. 1 Buchst. e) DSGVO).<br><br>Eine Weitergabe der Daten an Dritte oder eine sonstige Auswertung findet nicht statt, es sei denn, es besteht eine gesetzliche Verpflichtung dazu (Art. 6 Abs. 1 Buchst. e) DSGVO).<br><br>Im Einzelnen wird \u00fcber jeden Abruf folgender Datensatz gespeichert:<\/p>\n\n\n\n<ul class=\"wp-block-list\">\n<li>Name der abgerufenen Datei<\/li>\n\n\n\n<li>Datum und Uhrzeit des Abrufs<\/li>\n\n\n\n<li>\u00fcbertragene Datenmenge<\/li>\n\n\n\n<li>Meldung, ob der Abruf erfolgreich war<\/li>\n\n\n\n<li>Beschreibung des Typs des verwendeten Webbrowsers<\/li>\n\n\n\n<li>verwendetes Betriebssystem<\/li>\n\n\n\n<li>die zuvor besuchte Seite<\/li>\n\n\n\n<li>Provider<\/li>\n\n\n\n<li>Ihre IP-Adresse<\/li>\n<\/ul>\n\n\n\n<p><strong>3. Personenbezogene Daten<\/strong><\/p>\n\n\n\n<p>Personenbezogene Daten werden von uns nur dann verarbeitet, wenn uns dies gesetzlich gestattet ist, oder Sie uns Ihre Einwilligung erteilt haben.<br><br><strong>Im Einzelnen:<\/strong><\/p>\n\n\n\n<p><strong>Kontakt<\/strong><\/p>\n\n\n\n<p>Wenn Sie mit uns in Kontakt treten, speichern wir Ihre Daten auf Grundlage von Art. 6 Abs. 1 Buchst. b) DSGVO zum Zwecke der Bearbeitung Ihrer Anfrage, sowie f\u00fcr den Fall, dass eine weitere Korrespondenz stattfinden sollte.<\/p>\n\n\n\n<p><strong>Kommentarfunktion<\/strong><\/p>\n\n\n\n<p>Sie haben die M\u00f6glichkeit, individuelle Kommentare zu einzelnen, auf unserer Webseite ver\u00f6ffentlichten Blog-Beitr\u00e4gen zu hinterlassen.<br><br>Hinterlassen Sie einen solchen Kommentar, wird zu dem Inhalt des Kommentars selbst, auch der Zeitpunkt der Kommentareingabe gespeichert und ver\u00f6ffentlicht. Dar\u00fcber hinaus wird auch Ihre IP-Adresse protokolliert. Dies geschieht zu Nachweis- und Dokumentationszwecken f\u00fcr den Fall, dass wir auf Grund Ihres Kommentars wegen einer Rechtsverletzung in Anspruch genommen werden sollten. Die Datenverarbeitung ist daher zur Wahrung unserer berechtigten Interessen nach Art. 6 Abs. 1 Buchst. b DSGVO erforderlich.<br><br>Eine Weitergabe Ihrer personenbezogenen Daten an Dritte folgt nur, sofern wir hierzu gesetzlich verpflichtet sind (dann auf Basis von Art. 6 Abs. 1 Buchst. e) DSGVO), oder dies zur Wahrung der berechtigten Interessen des Dritten erforderlich ist (dann auf Basis von Art. Art. 6 Abs. 1 Buchst. f) DSGVO).<\/p>\n\n\n\n<p><strong>4. Cookies<\/strong><\/p>\n\n\n\n<p>Wir setzen in einigen Bereichen unserer Webseite sogenannte Cookies ein. Durch solche Dateielemente kann Ihr Computer als technische Einheit w\u00e4hrend Ihres Besuchs auf dieser Webseite identifiziert werden, um Ihnen die Verwendung unseres Angebotes \u2013 auch bei Wiederholungsbesuchen \u2013 zu erleichtern.<br><br>Sie haben aber in der Regel die M\u00f6glichkeit, Ihren Internetbrowser so einzustellen, dass Sie \u00fcber das Auftreten von Cookies informiert werden, so dass Sie diese zulassen oder ausschlie\u00dfen, beziehungsweise bereits vorhandene Cookies l\u00f6schen k\u00f6nnen.<br><br>Bitte verwenden Sie die Hilfefunktion Ihres Internetbrowsers, um Informationen zu der \u00c4nderung dieser Einstellungen zu erlangen. Wir weisen darauf hin, dass einzelne Funktionen unserer Webseite m\u00f6glicherweise nicht funktionieren, wenn Sie die Verwendung von Cookies deaktiviert haben.<br><br>Cookies erlauben nicht, dass ein Server private Daten von Ihrem Computer oder die von einem anderen Server abgelegten Daten lesen kann. Sie richten auf Ihrem Rechner keinen Schaden an und enthalten keine Viren.<br><br>Wir st\u00fctzen den Einsatz von Cookies auf Art. 6 Abs. 1 Buchst. f) DSGVO: die Verarbeitung erfolgt zur Verbesserung der Funktionsweise unserer Webseite. Sie ist daher zur Wahrung unserer berechtigten Interessen erforderlich.<strong><\/strong><\/p>\n\n\n\nZur Verwaltung der eingesetzten Cookies und \u00e4hnlichen Technologien (Tracking-Pixel, Web-Beacons etc.) und diesbez\u00fcglicher Einwilligungen setzen wir das Consent Tool \u00ab\u00a0Real Cookie Banner\u00a0\u00bb ein. Details zur Funktionsweise von \u00ab\u00a0Real Cookie Banner\u00a0\u00bb findest du unter <a href=\"https:\/\/devowl.io\/de\/rcb\/datenverarbeitung\/\" rel=\"noreferrer noopener\" target=\"_blank\">https:\/\/devowl.io\/de\/rcb\/datenverarbeitung\/<\/a>.\n<\/br><\/br>\nRechtsgrundlagen f\u00fcr die Verarbeitung von personenbezogenen Daten in diesem Zusammenhang sind Art. 6 Abs. 1 lit. c DS-GVO und Art. 6 Abs. 1 lit. f DS-GVO. Unser berechtigtes Interesse ist die Verwaltung der eingesetzten Cookies und \u00e4hnlichen Technologien und der diesbez\u00fcglichen Einwilligungen.\n<\/br><\/br>\nDie Bereitstellung der personenbezogenen Daten ist weder vertraglich vorgeschrieben noch f\u00fcr den Abschluss eines Vertrages notwendig. Du bist nicht verpflichtet die personenbezogenen Daten bereitzustellen. Wenn du die personenbezogenen Daten nicht bereitstellst, k\u00f6nnen wir deine Einwilligungen nicht verwalten.<\/br><\/br>\n\n\n\n<p><strong>5. Verwendung der Social Plugins von Facebook, Twitter, Google+ und Instagram<\/strong><\/p>\n\n\n\n<p>Der Schutz Ihrer personenbezogenen Daten ist uns sehr wichtig. Deshalb verzichten wir auf die direkte Implementierung der verschiedenen Social Plugins.<br><br>Auf unseren Seiten setzen wir lediglich Links auf diese sozialen Netzwerke. Erst wenn Sie den Links folgen, werden die entsprechenden Social Plugins aktiviert.<br><br>Bitte beachten Sie, dass es erst dann zu einer \u00dcbermittlung von Daten kommt, wenn Sie die entsprechenden Social Plugins durch einen Klick auf den korrespondierenden Link aktiviert haben. Allein der Besuch unserer Seiten l\u00f6st keine Daten\u00fcbermittlung aus.<br><br>Aktivieren Sie die Daten\u00fcbermittlung durch Bet\u00e4tigen des entsprechenden Links kommt es zu folgender Daten\u00fcbertragung:<\/p>\n\n\n\n<p><strong>Facebook<\/strong><\/p>\n\n\n\n<p>Auf unserer Seite sind dann Plugins des sozialen Netzwerks Facebook (Facebook Inc., 1601 Willow Road, Menlo Park, CA 94025, USA) integriert. Die Facebook-Plugins erkennen Sie an dem Facebook-Logo oder dem \u00ab\u00a0Like-Button\u00a0\u00bb (\u00ab\u00a0Gef\u00e4llt mir\u00a0\u00bb) auf unserer Seite. Eine \u00dcbersicht \u00fcber die Facebook-Plugins finden Sie hier: <a href=\"http:\/\/developers.facebook.com\/docs\/plugins\/\" target=\"_blank\" rel=\"noreferrer noopener\">http:\/\/developers.facebook.com\/docs\/plugins\/<\/a>.<br><br>Es wird \u00fcber das Plugin eine direkte Verbindung zwischen Ihrem Browser und dem Facebook-Server hergestellt. Facebook erh\u00e4lt dadurch die Information, dass Sie mit Ihrer IP-Adresse unsere Seite besucht haben. Wenn Sie den Facebook \u00ab\u00a0Like-Button\u00a0\u00bb anklicken w\u00e4hrend Sie in Ihrem Facebook-Account eingeloggt sind, k\u00f6nnen Sie die Inhalte unserer Plattform auf Ihren Facebook-Account verlinken. Dadurch kann Facebook den Besuch unserer Seite Ihrem Account zuordnen.<br><br>Wir weisen darauf hin, dass wir als Seitenbetreiber keine Kenntnis vom Inhalt der \u00fcbermittelten Daten sowie deren Nutzung durch Facebook erhalten. Weitere Informationen hierzu finden Sie in der Datenschutzerkl\u00e4rung von Facebook unter <a href=\"http:\/\/de-de.facebook.com\/policy.php\" target=\"_blank\" rel=\"noreferrer noopener\">http:\/\/de-de.facebook.com\/policy.php<\/a>.<br><br>Wenn Sie nicht w\u00fcnschen, dass Facebook den Besuch unserer Seite Ihrem Facebook-Account zuordnen kann, loggen Sie sich bitte aus Ihrem Facebook-Account aus, oder aktivieren Sie die Social Plugins nicht.<\/p>\n\n\n\n<p><strong>Twitter<\/strong><\/p>\n\n\n\n<p>Auf unserer Webseite sind dann Funktionen des Dienstes Twitter eingebunden. Diese Funktionen werden angeboten durch die Twitter Inc., 1355 Market St, Suite 900, San Francisco, CA 94103, USA.<br><br>Durch das Benutzen von Twitter und der Funktion \u00ab\u00a0Re-Tweet\u00a0\u00bb werden die von Ihnen besuchten Seiten mit Ihrem Twitter-Account verkn\u00fcpft und anderen Nutzern bekannt gegeben. Dabei werden auch Daten an Twitter \u00fcbertragen.<br><br>Wir weisen darauf hin, dass wir als Seitenbetreiber keine Kenntnis vom Inhalt der \u00fcbermittelten Daten sowie deren Nutzung durch Twitter erhalten. Weitere Informationen hierzu finden Sie in der Datenschutzerkl\u00e4rung von Twitter unter <a href=\"http:\/\/twitter.com\/privacy\" target=\"_blank\" rel=\"noreferrer noopener\">http:\/\/twitter.com\/privacy<\/a>.<br><br>Ihre Datenschutzeinstellungen bei Twitter k\u00f6nnen Sie in den Konto-Einstellungen unter <a href=\"http:\/\/twitter.com\/account\/settings\" target=\"_blank\" rel=\"noreferrer noopener\">http:\/\/twitter.com\/account\/settings<\/a> \u00e4ndern.<\/p>\n\n\n\n<p><strong>Google +1<\/strong><\/p>\n\n\n\n<p>Auf unserer Seite sind dann Funktionen des Dienstes Google+ eingebunden. Diese Funktionen werden angeboten durch die Google Inc., 1600 Amphitheatre Parkway, Mountain View, CA 94043, USA.<br><br>Durch das Benutzen von Google+ und der \u201e+1\u201c-Schaltfl\u00e4che baut der Browser eine direkte Verbindung mit den Servern von Google auf. Der Inhalt der \u201c+1\u2033-Schaltfl\u00e4che wird von Google direkt an seinen Browser \u00fcbermittelt und von diesem in die Webseite eingebunden.<br><br>Wir haben keinen Einfluss auf den Umfang der Daten, die Google mit der Schaltfl\u00e4che erhebt.&nbsp;<br><br>Zweck und Umfang der Datenerhebung und die weitere Verarbeitung und Nutzung der Daten durch Google sowie Ihre diesbez\u00fcglichen Rechte und Einstellungsm\u00f6glichkeiten zum Schutz Ihrer Privatsph\u00e4re k\u00f6nnen Sie Googles Datenschutzhinweisen zu der \u201c+1\u2033-Schaltfl\u00e4che entnehmen: <a href=\"http:\/\/www.google.com\/intl\/de\/+\/policy\/+1button.html\" target=\"_blank\" rel=\"noreferrer noopener\">http:\/\/www.google.com\/intl\/de\/+\/policy\/+1button.html<\/a> und den FAQ: <a href=\"http:\/\/www.google.com\/intl\/de\/+1\/button\/\" target=\"_blank\" rel=\"noreferrer noopener\">http:\/\/www.google.com\/intl\/de\/+1\/button\/<\/a>.<\/p>\n\n\n\n<p><strong>Instagram<\/strong><\/p>\n\n\n\n<p>Auf unserer Seite sind dann Funktionen des Dienstes Instagram eingebunden. Diese Funktionen werden angeboten durch die Instagram LLC, 1601 Willow Road Menlo Park, CA 94025, USA. Seit 2012 geh\u00f6rt die Instagram LLC zum Konzernverbund der Facebook Inc., 1601 Willow Road, Menlo Park, CA 94025, USA.<br><br>Eine \u00dcbersicht \u00fcber die Instagram-Plugins finden Sie hier: <a href=\"http:\/\/blog.instagram.com\/post\/36222022872\/introducing-instagram-badges\" target=\"_blank\" rel=\"noreferrer noopener\">http:\/\/blog.instagram.com\/post\/36222022872\/introducing-instagram-badges<\/a>.<br><br>Wenn Sie mit den Plugins interagieren, zum Beispiel den \u201eInstagram\u201c-Button bet\u00e4tigen, wird \u00fcber das Plugin eine direkte Verbindung zwischen Ihrem Browser und dem Instagram-Server hergestellt. Instagram erh\u00e4lt dadurch die Information, dass Ihr Browser die entsprechende Seite unserer Webseite aufgerufen hat, auch wenn Sie keinen Instagram-Account besitzen oder gerade nicht bei Instagram eingeloggt sind. Diese Information (einschlie\u00dflich Ihrer IP-Adresse) wird von Ihrem Browser direkt an den Server von Instagram in die USA \u00fcbermittelt und dort gespeichert. Dadurch kann Instagram den Besuch unserer Seite Ihrem Instagram-Account zuordnen.<br><br>Wir weisen darauf hin, dass wir als Seitenbetreiber keine Kenntnis vom Inhalt der \u00fcbermittelten Daten sowie deren Nutzung durch Instagram erhalten. Weitere Informationen hierzu finden Sie in der Datenschutzerkl\u00e4rung von Instagram unter <a href=\"https:\/\/www.instagram.com\/about\/legal\/privacy\/\" target=\"_blank\" rel=\"noreferrer noopener\">https:\/\/www.instagram.com\/about\/legal\/privacy\/<\/a><strong>.<\/strong><br><br>Wenn Sie nicht w\u00fcnschen, dass Instagram den Besuch unserer Seite Ihrem Instagram-Account zuordnen kann, loggen Sie sich bitte aus Ihrem Instagram-Account aus, oder aktivieren Sie die Social Plugins nicht.<\/p>\n\n\n\n<p>Wir st\u00fctzen den Einsatz der vorgenannten Social Plugins auf Art. 6 Abs. 1 Buchst. a) DSGVO. Mit Aktivierung des entsprechenden Links erteilen Sie uns Ihre Einwilligung zur Datenverarbeitung. Jedenfalls ist die Datenverarbeitung nach Art. 6 Abs. 1 Buchst. f) DSGVO zul\u00e4ssig; mit Aktivierung des entsprechenden Links erfolgt die Datenverarbeitung zu Werbezwecken und liegt daher in unserem berechtigten Interesse.<\/p>\n\n\n\n<p><strong>6. Verwendung der Social Plugins von YouTube<\/strong><\/p>\n\n\n\n<p>Unsere Webseite verweist durch Links zudem auf die Seite des sozialen Netzwerkes YouTube. Wir betreiben auch hier eine Social Media Seite.&nbsp;<br><br>Wenn Sie auf einen Link zu YouTube klicken, werden Sie auf die jeweilige externe Seite bei YouTube weitergeleitet. Sind Sie zudem als Mitglied bei YouTube eingeloggt, kann der Betreiber, die YouTube LLC, 901 Cherry Ave., San Bruno, CA 94066 USA Ihren Besuch auf unserer Seite Ihrem jeweiligen Nutzer-Account zuordnen. Hierbei weisen wir darauf hin, dass die YouTube LLC zum Konzernverbund der Google LLC, 1600 Amphitheatre Parkway, Mountain View, CA 94043, USA geh\u00f6rt.<br><br>Wenn Sie nicht m\u00f6chten, dass YouTube \u00fcber Ihren Besuch auf unserer Internetseite Daten sammelt und speichert, m\u00fcssen Sie sich vor dem Klick auf den Link aus Ihrem YouTube-Account ausloggen.<br>Zweck und Umfang der Datenerhebung und die weitere Verarbeitung und Nutzung Ihrer Daten durch YouTube entnehmen Sie bitte der entsprechenden Datenschutzerkl\u00e4rung, die Sie hier finden: <a href=\"http:\/\/www.google.de\/intl\/de\/policies\/privacy\/\" target=\"_blank\" rel=\"noreferrer noopener\">http:\/\/www.google.de\/intl\/de\/policies\/privacy\/<\/a><br><br>Wir st\u00fctzen den Einsatz von YouTube auf Art. 6 Abs. 1 Buchst. a) DSGVO. Mit Bet\u00e4tigung des Links unter gleichzeitiger Anmeldung bei YouTube erteilen Sie uns Ihre Einwilligung zur Datenverarbeitung. Jedenfalls ist die Datenverarbeitung nach Art. 6 Abs. 1 Buchst. f) DSGVO zul\u00e4ssig; mit Bet\u00e4tigung des Links unter gleichzeitiger Anmeldung im jeweiligen Sozialen Netzwerk erfolgt die Datenverarbeitung zu Werbezwecken und liegt daher in unserem berechtigten Interesse.<strong><\/strong><\/p>\n\n\n\n<p><strong>7. Verwendung der Plugins von Vimeo<\/strong><\/p>\n\n\n\n<p>Wir nutzen f\u00fcr die Einbindung von Videos auf unserer Webseite die Plugins von Vimeo. Vimeo wird betrieben von der Vimeo LLC, 555 West 18th Street, New York, New York 10011, USA.<br><br>Wenn Sie eine Webseite mit dem Vimeo-Plugin aufrufen, wird eine Verbindung zu den Servern von Vimeo hergestellt. Hierdurch wird an den Server von Vimeo \u00fcbermittelt, welche Webseite Sie besucht haben. Sind Sie dabei als Mitglied bei Vimeo eingeloggt, ordnet Vimeo diese Information Ihrem pers\u00f6nlichen Benutzerkonto zu. Bei Nutzung des Plugins wie z.B. dem Abspielen eines Video durch Aktivieren des Play-Buttons wird diese Information ebenfalls Ihrem Benutzerkonto zugeordnet. Sie k\u00f6nnen diese Zuordnung verhindern, indem Sie sich vor der Nutzung unserer Webseite aus ihrem Vimeo-Benutzerkonto abmelden und die entsprechenden Cookies von Vimeo l\u00f6schen.<br><br>Weitere Informationen zur Datenverarbeitung und Hinweise zum Datenschutz durch Vimeo finden Sie unter <a href=\"https:\/\/vimeo.com\/privacy\" target=\"_blank\" rel=\"noreferrer noopener\">https:\/\/vimeo.com\/privacy<\/a>.<br><br>Wir st\u00fctzen den Einsatz von Vimeo auf Art. 6 Abs. 1 Buchst. a) DSGVO. Mit Bet\u00e4tigung des Plugins unter gleichzeitiger Anmeldung bei Vimeo erteilen Sie uns Ihre Einwilligung zur Datenverarbeitung. Jedenfalls ist die Datenverarbeitung nach Art. 6 Abs. 1 Buchst. f) DSGVO zul\u00e4ssig; mit Bet\u00e4tigung des Plugins unter gleichzeitiger Anmeldung im jeweiligen Sozialen Netzwerk erfolgt die Datenverarbeitung zu Werbezwecken und liegt daher in unserem berechtigten Interesse.<strong><\/strong><\/p>\n\n\n\n<p><strong>8. Verwendung von Google Webfonts, Google Maps und OpenStreetMap<\/strong><\/p>\n\n\n\n<p><strong>Verwendung von Google Webfonts und Google Maps<\/strong><\/p>\n\n\n\n<p>Auf unserer Webseite werden externe Schriften, sog. Google Webfonts, verwendet. Zudem benutzen wir Google Maps, um f\u00fcr Sie den Anfahrtsweg zu unserem Unternehmen darzustellen und Ihnen die Planung der Anfahrt zu vereinfachen.<br><br>Auch hierbei greifen wir auf Dienste der Google Inc. 1600 Amphitheatre Parkway, Mountain View, CA 94043, USA zur\u00fcck.<br><br>Dazu l\u00e4dt beim Aufrufen unserer Seite Ihr Browser die ben\u00f6tigten Informationen vom Google-Server in den USA in ihren Browsercache. Dies ist notwendig damit auch Ihr Browser eine optisch verbesserte Darstellung unserer Texte anzeigen kann, bzw. die Karte auf unserer Webseite dargestellt wird.<br><br>Hierdurch wird an den Google-Server \u00fcbermittelt, welche unserer Internetseiten Sie besucht haben. Auch wird Ihre IP-Adresse von Google gespeichert.<br><br>Weitergehende Informationen zu Google Webfonts finden Sie unter <a href=\"https:\/\/developers.google.com\/fonts\/faq?hl=de-DE&amp;csw=1\" target=\"_blank\" rel=\"noreferrer noopener\">https:\/\/developers.google.com\/fonts\/faq?hl=de-DE&amp;csw=1<\/a><br><br>Weitergehende Informationen zu Google Maps finden Sie unter <a href=\"https:\/\/www.google.com\/intl\/de_de\/help\/terms_maps.html\" target=\"_blank\" rel=\"noreferrer noopener\">https:\/\/www.google.com\/intl\/de_de\/help\/terms_maps.html<\/a><br><br>Allgemeine Informationen zum Thema Datenschutz bei Google finden Sie unter <a href=\"https:\/\/www.google.com\/policies\/privacy\/\" target=\"_blank\" rel=\"noreferrer noopener\">www.google.com\/policies\/privacy\/<\/a><\/p>\n\n\n\n<p><strong>Verwendung von OpenStreetMap<\/strong><\/p>\n\n\n\n<p>Wir verwenden auf unserer Webseite einen Kartenausschnitt von OpenStreetMap (<a href=\"https:\/\/www.openstreetmap.de\/\" target=\"_blank\" rel=\"noreferrer noopener\">https:\/\/www.openstreetmap.de\/<\/a>), um f\u00fcr Sie den Anfahrtsweg zu unserem Unternehmen darzustellen und Ihnen die Planung der Anfahrt zu vereinfachen.<br><br>Bei OpenStreetMap handelt es sich um ein Open-Source-Mapping-Werkzeug. Damit Ihnen die Karte angezeigt werden kann, wird Ihre IP-Adresse an OpenStreetMap weitergeleitet. Wie OpenStreetMap Ihre Daten speichert, k\u00f6nnen Sie auf der Datenschutzseite von OpenStreetMap hier <a href=\"https:\/\/wiki.openstreetmap.org\/wiki\/DE:Datenschutz\" target=\"_blank\" rel=\"noreferrer noopener\">https:\/\/wiki.openstreetmap.org\/wiki\/DE:Datenschutz<\/a> und hier <a href=\"https:\/\/wiki.openstreetmap.org\/wiki\/DE:Legal_FAQ\" target=\"_blank\" rel=\"noreferrer noopener\">https:\/\/wiki.openstreetmap.org\/wiki\/DE:Legal_FAQ<\/a> einsehen.<\/p>\n\n\n\n<p>Wir st\u00fctzen den Einsatz der vorgenannten Tools auf Art. 6 Abs. 1 Buchst. f) DSGVO: die Datenverarbeitung erfolgt zur Verbesserung der Nutzerfreundlichkeit auf unserer Webseite und liegt daher in unserem berechtigten Interesse.<\/p>\n\n\n\n<p><strong>9. Dauer der Speicherung<\/strong><\/p>\n\n\n\n<p>Wir speichern Ihre Daten so lange, wie es f\u00fcr eine abschlie\u00dfende Bearbeitung Ihres Anliegens notwendig ist.<br><br>Die \u00fcber das Analyse-Tool \u00ab\u00a0Matomo\u00a0\u00bb erhobenen Statistikdaten werden bereits bei der Erhebung anonymisiert und die Ergebnisse l\u00e4ngstens 2 Jahre gespeichert.<br><br>Ausgenommen hiervon sind Daten, f\u00fcr die gesetzliche oder anderweitig vorgeschriebene Aufbewahrungspflichten bestehen; diese werden f\u00fcr die Dauer der jeweiligen Aufbewahrungsfrist gespeichert und im Anschluss routinem\u00e4\u00dfig gel\u00f6scht.<strong><\/strong><\/p>\n\n\n\n<p><strong>10. Betroffenenrechte<\/strong><\/p>\n\n\n\n<p><strong>a) Auskunftsrecht Art. 15 DSGVO<\/strong><\/p>\n\n\n\n<p>Sie haben das Recht, von uns eine Best\u00e4tigung dar\u00fcber zu verlangen, ob wir Sie betreffen-de personenbezogene Daten verarbeiten.<br>Senden Sie hierf\u00fcr bitte einfach eine eMail an <a href=\"mailto:partnerstaedte@bruchsal.de\">partnerstaedte@bruchsal.de<\/a>.<\/p>\n\n\n\n<p><strong>b) Berichtigungsrecht Art. 16 DSGVO<\/strong><\/p>\n\n\n\n<p>Sie haben das Recht, dass Sie betreffende unrichtige personenbezogene Daten unverz\u00fcglich berichtigt werden (Recht auf Berichtigung).<br>Senden Sie hierf\u00fcr bitte einfach eine eMail an <a href=\"mailto:partnerstaedte@bruchsal.de\">partnerstaedte@bruchsal.de<\/a>.<\/p>\n\n\n\n<p><strong>c) Recht auf L\u00f6schung Art. 17 DSGVO<\/strong><\/p>\n\n\n\n<p>Sie haben das Recht, dass Sie betreffende personenbezogene Daten unverz\u00fcglich gel\u00f6scht werden (Recht auf L\u00f6schung).<br>Senden Sie hierf\u00fcr bitte einfach eine eMail an <a href=\"mailto:partnerstaedte@bruchsal.de\">partnerstaedte@bruchsal.de<\/a>.<\/p>\n\n\n\n<p><strong>d) Recht auf Einschr\u00e4nkung Art. 18 DSGVO<\/strong><\/p>\n\n\n\n<p><br>Sie haben das Recht, dass die Verarbeitung der Sie betreffenden personenbezogenen Da-ten eingeschr\u00e4nkt wird (Recht auf Einschr\u00e4nken der Verarbeitung).<br>Senden Sie hierf\u00fcr bitte einfach eine eMail an <a href=\"mailto:%20partnerstaedte@bruchsal.de\">&nbsp;partnerstaedte@bruchsal.de<\/a>.<\/p>\n\n\n\n<p><strong>e) Recht auf \u00dcbertragbarkeit Art. 20 DSGVO<\/strong><\/p>\n\n\n\n<p>Sie haben das Recht, Sie betreffende personenbezogene Daten, die Sie uns bereitgestellt haben, in einem strukturierten, g\u00e4ngigen und maschinenlesbaren Format zu erhalten und diese Daten einem anderen Verantwortlichen zu \u00fcbermitteln.<br>Senden Sie hierf\u00fcr bitte einfach eine eMail an <a href=\"mailto:%20partnerstaedte@bruchsal.de\">&nbsp;partnerstaedte@bruchsal.de<\/a>.<\/p>\n\n\n\n<p><strong>f) Widerrufsrecht der Einwilligung Art. 7 Abs. 3 DSGVO<\/strong><\/p>\n\n\n\n<p>Sie haben das Recht, Ihre Einwilligung jederzeit zu widerrufen. Durch den Widerruf der Einwilligung wird die Rechtm\u00e4\u00dfigkeit der aufgrund der Einwilligung bis zum Widerruf erfolgten Verarbeitung nicht ber\u00fchrt.<br>Senden Sie hierf\u00fcr bitte einfach eine eMail an <a href=\"mailto:%20partnerstaedte@bruchsal.de\">&nbsp;partnerstaedte@bruchsal.de<\/a>.<\/p>\n\n\n\n<p><strong>g) Widerspruchsrecht Art. 21 DSGVO<\/strong><\/p>\n\n\n\n<p>Ist die Verarbeitung Sie betreffender personenbezogener Daten f\u00fcr die Wahrnehmung einer Aufgabe, die im \u00f6ffentlichen Interesse liegt (Art. 6 Abs. 1 Buchst. e) DSGVO) oder zur Wahrung unserer berechtigten Interessen (Art. 6 Abs. 1 Buchst. f) DSGVO) erforderlich, steht Ihnen ein Widerspruchsrecht zu.<br>Senden Sie hierf\u00fcr bitte einfach eine eMail an <a href=\"mailto:%20partnerstaedte@bruchsal.de\">&nbsp;partnerstaedte@bruchsal.de<\/a>.<\/p>\n\n\n\n<p><strong>h) Beschwerderecht Art. 77 DSGVO<\/strong><\/p>\n\n\n\n<p>Sind Sie der Ansicht, dass die Verarbeitung der Sie betreffenden personenbezogenen Daten gegen die DSGVO verst\u00f6\u00dft, haben Sie unbeschadet anderweitiger Rechtsbehelfe das Recht auf Beschwerde bei einer Aufsichtsbeh\u00f6rde.<\/p>\n\n\n\n<p>Landesdatenschutzbeauftragter f\u00fcr den Datenschutz und Informationsfreiheit Baden-W\u00fcrttemberg<br>Dr. Stephan Brink<br>Hausanschrift: K\u00f6nigstr. 10a, D-70173 Stuttgart<br>Postanschrift: Postfach 10 29 32, 70025 Stuttgart<br>Telefonzentrale: +49 711\/61 55 41-0<br>E-Mail: <a href=\"mailto:poststelle@lfdi.bwl.de\" target=\"_blank\" rel=\"noreferrer noopener\">poststelle@lfdi.bwl.de<\/a><\/p>\n\n\n\n<p><strong>11. Sicherheit<\/strong><\/p>\n\n\n\n<p>F\u00fcr die Sicherheit Ihrer Daten verwenden wir modernste Internettechnologien. W\u00e4hrend des Onlineanfrageprozesses sind Ihre Angaben mit einer SSL-Verschl\u00fcsselung gesichert. F\u00fcr eine sichere Speicherung Ihrer Daten werden unsere Systeme durch Firewalls gesch\u00fctzt, die unberechtigte Zugriffe von au\u00dfen verhindern.<\/p>\n","protected":false},"excerpt":{"rendered":"<p>Wir, die&nbsp;Gemeinschaft der Freunde Ste. M\u00e9nehoulds in Bruchsal, Kaiserstra\u00dfe 66, 76646 Bruchsal (im Folgenden \u201cwir\/unser(e)\u00ab\u00a0), nehmen den Schutz Ihrer pers\u00f6nlichen Daten sehr ernst und halten uns streng an alle geltenden Gesetze und Vorschriften zum Datenschutz, insbesondere an die Datenschutzgrundverordnung, (DSGVO), das Bundesdatenschutzgesetz (BDSG) und das Telemediengesetz (TMG). Die folgenden Erl\u00e4uterungen geben Ihnen einen \u00dcberblick dar\u00fcber, &#8230; <a title=\"Protection des donn\u00e9es\" class=\"read-more\" href=\"https:\/\/freundeskreis-bruchsal-menehould.eu\/fr\/protection-des-donnees\/\" aria-label=\"En savoir plus sur Protection des donn\u00e9es\">Lire la suite<\/a><\/p>\n","protected":false},"author":1,"featured_media":0,"parent":0,"menu_order":0,"comment_status":"closed","ping_status":"closed","template":"","meta":{"_acf_changed":false,"footnotes":""},"class_list":["post-513","page","type-page","status-publish"],"acf":[],"_links":{"self":[{"href":"https:\/\/freundeskreis-bruchsal-menehould.eu\/fr\/wp-json\/wp\/v2\/pages\/513","targetHints":{"allow":["GET"]}}],"collection":[{"href":"https:\/\/freundeskreis-bruchsal-menehould.eu\/fr\/wp-json\/wp\/v2\/pages"}],"about":[{"href":"https:\/\/freundeskreis-bruchsal-menehould.eu\/fr\/wp-json\/wp\/v2\/types\/page"}],"author":[{"embeddable":true,"href":"https:\/\/freundeskreis-bruchsal-menehould.eu\/fr\/wp-json\/wp\/v2\/users\/1"}],"replies":[{"embeddable":true,"href":"https:\/\/freundeskreis-bruchsal-menehould.eu\/fr\/wp-json\/wp\/v2\/comments?post=513"}],"version-history":[{"count":2,"href":"https:\/\/freundeskreis-bruchsal-menehould.eu\/fr\/wp-json\/wp\/v2\/pages\/513\/revisions"}],"predecessor-version":[{"id":1995,"href":"https:\/\/freundeskreis-bruchsal-menehould.eu\/fr\/wp-json\/wp\/v2\/pages\/513\/revisions\/1995"}],"wp:attachment":[{"href":"https:\/\/freundeskreis-bruchsal-menehould.eu\/fr\/wp-json\/wp\/v2\/media?parent=513"}],"curies":[{"name":"wp","href":"https:\/\/api.w.org\/{rel}","templated":true}]}}