{"id":511,"date":"2022-07-25T16:21:08","date_gmt":"2022-07-25T14:21:08","guid":{"rendered":"https:\/\/freundeskreis-bruchsal-menehould.eu\/impressum\/"},"modified":"2022-10-24T10:09:15","modified_gmt":"2022-10-24T08:09:15","slug":"imprimer","status":"publish","type":"page","link":"https:\/\/freundeskreis-bruchsal-menehould.eu\/fr\/imprimer\/","title":{"rendered":"Mentions l\u00e9gales"},"content":{"rendered":"\n<p><strong>Impressum nach \u00a7 5 TMG, \u00a7 55 RStV<\/strong><\/p>\n\n\n\n<p>Die Website bruchsal.de ist der offizielle Informationsservice der Gemeinschaft der Freunde Sainte M\u00e9nehoulds in Bruchsal im Internet.<\/p>\n\n\n\n<p>Die Gemeinschaft der Freunde Sainte M\u00e9nehoulds in Bruchsal ist eine nicht rechtsf\u00e4hige Vereinigung.<\/p>\n\n\n\n<p><strong>Anbieter<\/strong>:<br>Stadt Bruchsal<br>Oberb\u00fcrgermeisterin Cornelia Petzold-Schick<br>Kaiserstr. 66<br>76646 Bruchsal<\/p>\n\n\n\n<p><strong>Kontakt<\/strong>:<br>Partnerschaftsbeauftragte der Stadt Bruchsal<\/p>\n\n\n\n<p>Annette Mandel<br>Kaiserstra\u00dfe 66<br>76646 Bruchsal<br>Tel. +49-7251 79-456<br>Fax +49-7251 79-222<\/p>\n\n\n\n<p><a href=\"mailto:partnerstaedte@bruchsal.de\">partnerstaedte@bruchsal.de<\/a><\/p>\n\n\n\n<p><strong>Inhaltlich Verantwortlicher nach \u00a7 55 RStV<\/strong><\/p>\n\n\n\n<p>Die Verantwortung \u00fcber die Inhalte tragen die jeweiligen Autoren der Gemeinschaft der Freunde Sainte M\u00e9nehoulds in Bruchsal.<\/p>\n\n\n\n<p><strong>Hinweise zur Online-Streitbeilegung<\/strong><\/p>\n\n\n\n<p>Online-Streitbeilegung gem\u00e4\u00df Art. 14 Abs. 1 ODR-VO:<br>Die Plattform der Europ\u00e4ischen Kommission zur Online-Streitbeilegung (OS) finden Sie hier:&nbsp;<a href=\"http:\/\/ec.europa.eu\/consumers\/odr\/\" target=\"_blank\" rel=\"noreferrer noopener\">http:\/\/ec.europa.eu\/consumers\/odr\/<\/a><br><br>Zur Teilnahme an einem Streitbeilegungsverfahren vor einer Verbraucherschlichtungsstelle sind wir nicht verpflichtet und nicht bereit.<\/p>\n\n\n\n<p><strong>Hinweise zur elektronischen Kommunikation mit der Gemeinschaft Sainte M\u00e9nehoulds in Bruchsal<\/strong><\/p>\n\n\n\n<p>Die E-Mail-Kommunikation ist vorerst auf den formlosen Schriftverkehr (ohne Signatur und Verschl\u00fcsselung) beschr\u00e4nkt.<br><br>Beachten Sie bitte, dass die auf den Internetseiten der Gemeinschaft der Freunde Sainte M\u00e9nehoulds in Bruchsal aufgef\u00fchrten elektronischen E-Mail-Adressen lediglich der formlosen Kontaktaufnahme dienen. Ohne Verschl\u00fcsselung ist die Kenntnisnahme durch Dritte nicht ausgeschlossen. Soweit wir Ihrer Nachricht entnehmen k\u00f6nnen, dass Sie eine Antwort w\u00fcnschen, gehen wir davon aus, dass Sie mit einer Beantwortung durch eine ebenfalls unverschl\u00fcsselte E-Mail einverstanden sind, wenn unsere Antwort auch nach ihrem Inhalt keiner Verschl\u00fcsselung bedarf.<br><br><strong>Urheberrecht<\/strong><\/p>\n\n\n\n<p>Alle Inhalte und Strukturen auf dieser Webseite sind urheber- und leistungsschutzrechtlich gesch\u00fctzt. Trotz Ver\u00f6ffentlichung im Internet ist eine anderweitige Nutzung durch Dritte nicht gestattet. Die vorherige schriftliche Zustimmung ist f\u00fcr jede vom deutschen Urheberrecht nicht zugelassene Verwertung erforderlich.&nbsp;<\/p>\n\n\n\n<p><strong>Haftungsausschluss<\/strong><\/p>\n\n\n\n<p>Auf dieser Webseite wird auf verschiedene Angebote im Internet verwiesen. Die Gemeinschaft der Freunde Sainte M\u00e9nehoulds in Bruchsal hat keinerlei Einfluss auf Dritte und derer Angebote. F\u00fcr Inhalte der verlinkten Seiten wird keine Haftung \u00fcbernommen.<br><br>Die verlinkten Seiten wurden zum Zeitpunkt der Verlinkung auf m\u00f6gliche Rechtsverst\u00f6\u00dfe \u00fcberpr\u00fcft. Rechtswidrige Inhalte waren zum Zeitpunkt der Verlinkung nicht erkennbar. Bei Bekanntwerden von Rechtsverletzungen werden wir derartige Links jedoch umgehend entfernen.<\/p>\n","protected":false},"excerpt":{"rendered":"<p>Impressum nach \u00a7 5 TMG, \u00a7 55 RStV Die Website bruchsal.de ist der offizielle Informationsservice der Gemeinschaft der Freunde Sainte M\u00e9nehoulds in Bruchsal im Internet. Die Gemeinschaft der Freunde Sainte M\u00e9nehoulds in Bruchsal ist eine nicht rechtsf\u00e4hige Vereinigung. Anbieter:Stadt BruchsalOberb\u00fcrgermeisterin Cornelia Petzold-SchickKaiserstr. 6676646 Bruchsal Kontakt:Partnerschaftsbeauftragte der Stadt Bruchsal Annette MandelKaiserstra\u00dfe 6676646 BruchsalTel. +49-7251 79-456Fax +49-7251 &#8230; <a title=\"Mentions l\u00e9gales\" class=\"read-more\" href=\"https:\/\/freundeskreis-bruchsal-menehould.eu\/fr\/imprimer\/\" aria-label=\"En savoir plus sur Mentions l\u00e9gales\">Lire la suite<\/a><\/p>\n","protected":false},"author":1,"featured_media":0,"parent":0,"menu_order":0,"comment_status":"closed","ping_status":"closed","template":"","meta":{"_acf_changed":false,"footnotes":""},"class_list":["post-511","page","type-page","status-publish"],"acf":[],"_links":{"self":[{"href":"https:\/\/freundeskreis-bruchsal-menehould.eu\/fr\/wp-json\/wp\/v2\/pages\/511","targetHints":{"allow":["GET"]}}],"collection":[{"href":"https:\/\/freundeskreis-bruchsal-menehould.eu\/fr\/wp-json\/wp\/v2\/pages"}],"about":[{"href":"https:\/\/freundeskreis-bruchsal-menehould.eu\/fr\/wp-json\/wp\/v2\/types\/page"}],"author":[{"embeddable":true,"href":"https:\/\/freundeskreis-bruchsal-menehould.eu\/fr\/wp-json\/wp\/v2\/users\/1"}],"replies":[{"embeddable":true,"href":"https:\/\/freundeskreis-bruchsal-menehould.eu\/fr\/wp-json\/wp\/v2\/comments?post=511"}],"version-history":[{"count":2,"href":"https:\/\/freundeskreis-bruchsal-menehould.eu\/fr\/wp-json\/wp\/v2\/pages\/511\/revisions"}],"predecessor-version":[{"id":1206,"href":"https:\/\/freundeskreis-bruchsal-menehould.eu\/fr\/wp-json\/wp\/v2\/pages\/511\/revisions\/1206"}],"wp:attachment":[{"href":"https:\/\/freundeskreis-bruchsal-menehould.eu\/fr\/wp-json\/wp\/v2\/media?parent=511"}],"curies":[{"name":"wp","href":"https:\/\/api.w.org\/{rel}","templated":true}]}}